{"id":2575,"date":"2023-05-08T14:45:13","date_gmt":"2023-05-08T14:45:13","guid":{"rendered":"https:\/\/www.rpsrealsolutions.com\/communique-de-presse\/"},"modified":"2026-02-25T14:20:37","modified_gmt":"2026-02-25T14:20:37","slug":"communique-de-presse","status":"publish","type":"page","link":"https:\/\/www.rpsrealsolutions.com\/fr\/communique-de-presse\/","title":{"rendered":"Communiqu\u00e9 de presse"},"content":{"rendered":"\t\t<div data-elementor-type=\"wp-page\" data-elementor-id=\"2575\" class=\"elementor elementor-2575 elementor-217\" data-elementor-post-type=\"page\">\n\t\t\t\t\t\t<section class=\"elementor-section elementor-top-section elementor-element elementor-element-2a38f66f elementor-section-boxed elementor-section-height-default elementor-section-height-default\" data-id=\"2a38f66f\" data-element_type=\"section\" data-settings=\"{&quot;background_background&quot;:&quot;gradient&quot;,&quot;section_fluid_on&quot;:&quot;yes&quot;}\">\n\t\t\t\t\t\t\t<div class=\"elementor-background-overlay\"><\/div>\n\t\t\t\t\t\t\t<div class=\"elementor-container elementor-column-gap-default\">\n\t\t\t\t\t<div class=\"elementor-column elementor-col-100 elementor-top-column elementor-element elementor-element-40b3e7aa\" data-id=\"40b3e7aa\" data-element_type=\"column\">\n\t\t\t<div class=\"elementor-widget-wrap elementor-element-populated\">\n\t\t\t\t\t\t<div class=\"elementor-element elementor-element-5ba3b109 elementor-widget elementor-widget-spacer\" data-id=\"5ba3b109\" data-element_type=\"widget\" data-widget_type=\"spacer.default\">\n\t\t\t\t\t\t\t<div class=\"elementor-spacer\">\n\t\t\t<div class=\"elementor-spacer-inner\"><\/div>\n\t\t<\/div>\n\t\t\t\t\t\t<\/div>\n\t\t\t\t<div class=\"elementor-element elementor-element-5656342e elementor-widget elementor-widget-text-editor\" data-id=\"5656342e\" data-element_type=\"widget\" data-widget_type=\"text-editor.default\">\n\t\t\t\t\t\t\t\t\t<p>Communiqu\u00e9 de l&rsquo;IPH<\/p>\t\t\t\t\t\t\t\t<\/div>\n\t\t\t\t<div class=\"elementor-element elementor-element-6beab9ad elementor-widget elementor-widget-heading\" data-id=\"6beab9ad\" data-element_type=\"widget\" data-widget_type=\"heading.default\">\n\t\t\t\t\t<h2 class=\"elementor-heading-title elementor-size-default\">Nous sommes heureux de partager !<\/h2>\t\t\t\t<\/div>\n\t\t\t\t<div class=\"elementor-element elementor-element-418ee4fd elementor-widget elementor-widget-spacer\" data-id=\"418ee4fd\" data-element_type=\"widget\" data-widget_type=\"spacer.default\">\n\t\t\t\t\t\t\t<div class=\"elementor-spacer\">\n\t\t\t<div class=\"elementor-spacer-inner\"><\/div>\n\t\t<\/div>\n\t\t\t\t\t\t<\/div>\n\t\t\t\t\t<\/div>\n\t\t<\/div>\n\t\t\t\t\t<\/div>\n\t\t<\/section>\n\t\t\t\t<section class=\"elementor-section elementor-top-section elementor-element elementor-element-cf732a7 elementor-section-boxed elementor-section-height-default elementor-section-height-default\" data-id=\"cf732a7\" data-element_type=\"section\">\n\t\t\t\t\t\t<div class=\"elementor-container elementor-column-gap-default\">\n\t\t\t\t\t<div class=\"elementor-column elementor-col-100 elementor-top-column elementor-element elementor-element-fd4aa91\" data-id=\"fd4aa91\" data-element_type=\"column\">\n\t\t\t<div class=\"elementor-widget-wrap elementor-element-populated\">\n\t\t\t\t\t\t<div class=\"elementor-element elementor-element-9a2440c elementor-widget elementor-widget-text-editor\" data-id=\"9a2440c\" data-element_type=\"widget\" data-widget_type=\"text-editor.default\">\n\t\t\t\t\t\t\t\t\t<p>Inscrivez-vous ci-dessous pour recevoir la derni\u00e8re s\u00e9rie de donn\u00e9es de l&rsquo;IPH. Nous ne croyons pas au spam, vous pouvez donc vous inscrire sans crainte.<\/p>\t\t\t\t\t\t\t\t<\/div>\n\t\t\t\t<div class=\"elementor-element elementor-element-4206729 elementor-widget elementor-widget-hubspot-form\" data-id=\"4206729\" data-element_type=\"widget\" data-widget_type=\"hubspot-form.default\">\n\t\t\t\t<div class=\"elementor-widget-container\">\n\t\t\t\t\t\n\t\t\t<div\n\t\t\tclass=\"hs-form-frame\"\n\t\t\tdata-region=\"na3\"\n\t\t\tdata-form-id=\"fb78b380-a913-4fbe-9295-5eb816ba344d\"\n\t\t\tdata-portal-id=\"341724581\"\n\t\t\t >\n\t\t\t<\/div>\n\t\t\t\t\t\t\t<\/div>\n\t\t\t\t<\/div>\n\t\t\t\t\t<\/div>\n\t\t<\/div>\n\t\t\t\t\t<\/div>\n\t\t<\/section>\n\t\t\t\t<\/div>\n\t\t","protected":false},"excerpt":{"rendered":"<p>Communiqu\u00e9 de l&rsquo;IPH Nous sommes heureux de partager ! Inscrivez-vous ci-dessous pour recevoir la derni\u00e8re s\u00e9rie de donn\u00e9es de l&rsquo;IPH. Nous ne [&hellip;]<\/p>\n","protected":false},"author":1,"featured_media":0,"parent":0,"menu_order":0,"comment_status":"closed","ping_status":"closed","template":"","meta":{"content-type":"","footnotes":""},"class_list":["post-2575","page","type-page","status-publish","hentry"],"_links":{"self":[{"href":"https:\/\/www.rpsrealsolutions.com\/fr\/wp-json\/wp\/v2\/pages\/2575","targetHints":{"allow":["GET"]}}],"collection":[{"href":"https:\/\/www.rpsrealsolutions.com\/fr\/wp-json\/wp\/v2\/pages"}],"about":[{"href":"https:\/\/www.rpsrealsolutions.com\/fr\/wp-json\/wp\/v2\/types\/page"}],"author":[{"embeddable":true,"href":"https:\/\/www.rpsrealsolutions.com\/fr\/wp-json\/wp\/v2\/users\/1"}],"replies":[{"embeddable":true,"href":"https:\/\/www.rpsrealsolutions.com\/fr\/wp-json\/wp\/v2\/comments?post=2575"}],"version-history":[{"count":11,"href":"https:\/\/www.rpsrealsolutions.com\/fr\/wp-json\/wp\/v2\/pages\/2575\/revisions"}],"predecessor-version":[{"id":6273,"href":"https:\/\/www.rpsrealsolutions.com\/fr\/wp-json\/wp\/v2\/pages\/2575\/revisions\/6273"}],"wp:attachment":[{"href":"https:\/\/www.rpsrealsolutions.com\/fr\/wp-json\/wp\/v2\/media?parent=2575"}],"curies":[{"name":"wp","href":"https:\/\/api.w.org\/{rel}","templated":true}]}}