{"id":5341,"date":"2025-12-22T03:09:25","date_gmt":"2025-12-22T03:09:25","guid":{"rendered":"https:\/\/www.rpsrealsolutions.com\/nous-contacter-2\/"},"modified":"2026-03-06T16:13:50","modified_gmt":"2026-03-06T16:13:50","slug":"nous-joindre","status":"publish","type":"page","link":"https:\/\/www.rpsrealsolutions.com\/fr\/nous-joindre\/","title":{"rendered":"Nous joindre"},"content":{"rendered":"\t\t<div data-elementor-type=\"wp-page\" data-elementor-id=\"5341\" class=\"elementor elementor-5341 elementor-4867\" data-elementor-post-type=\"page\">\n\t\t\t\t\t\t<section class=\"elementor-section elementor-top-section elementor-element elementor-element-dc60b4a elementor-section-height-min-height elementor-section-content-middle elementor-section-boxed elementor-section-height-default elementor-section-items-middle\" data-id=\"dc60b4a\" data-element_type=\"section\" data-settings=\"{&quot;background_background&quot;:&quot;gradient&quot;}\">\n\t\t\t\t\t\t<div class=\"elementor-container elementor-column-gap-wider\">\n\t\t\t\t\t<div class=\"elementor-column elementor-col-50 elementor-top-column elementor-element elementor-element-72c6688\" data-id=\"72c6688\" data-element_type=\"column\">\n\t\t\t<div class=\"elementor-widget-wrap elementor-element-populated\">\n\t\t\t\t\t\t<div class=\"elementor-element elementor-element-1e5346c elementor-widget elementor-widget-heading\" data-id=\"1e5346c\" data-element_type=\"widget\" data-widget_type=\"heading.default\">\n\t\t\t\t\t<h2 class=\"elementor-heading-title elementor-size-default\">Communiquez avec notre \u00e9quipe des ventes<\/h2>\t\t\t\t<\/div>\n\t\t\t\t<div class=\"elementor-element elementor-element-1f5cedb elementor-widget__width-initial elementor-widget elementor-widget-text-editor\" data-id=\"1f5cedb\" data-element_type=\"widget\" data-widget_type=\"text-editor.default\">\n\t\t\t\t\t\t\t\t\t<p>Notre \u00e9quipe est pr\u00eate \u00e0 vous montrer comment nos services haute technologie et notre r\u00e9seau d&rsquo;\u00e9valuateurs pancanadien peuvent simplifier vos flux de travail, accro\u00eetre votre rapidit\u00e9 et votre pr\u00e9cision, et vous donner la confiance n\u00e9cessaire pour prendre des d\u00e9cisions plus \u00e9clair\u00e9es, du pr\u00eat \u00e0 la souscription jusqu&rsquo;\u00e0 la gestion des risques.<\/p><p>Transmettez-nous vos coordonn\u00e9es et un membre de l\u2019\u00e9quipe communiquera avec vous pour discuter de solutions adapt\u00e9es \u00e0 votre entreprise.<\/p>\t\t\t\t\t\t\t\t<\/div>\n\t\t\t\t<div class=\"elementor-element elementor-element-2145c03 elementor-widget elementor-widget-text-editor\" data-id=\"2145c03\" data-element_type=\"widget\" data-widget_type=\"text-editor.default\">\n\t\t\t\t\t\t\t\t\t<p>Pour les clients actuels :<\/p>\t\t\t\t\t\t\t\t<\/div>\n\t\t\t\t<div data-ep-wrapper-link=\"{&quot;url&quot;:&quot;https:\\\/\\\/www.rpsrealsolutions.com\\\/customer-support&quot;,&quot;is_external&quot;:&quot;&quot;,&quot;nofollow&quot;:&quot;&quot;,&quot;custom_attributes&quot;:&quot;&quot;}\" style=\"cursor: pointer\" class=\"bdt-element-link elementor-element elementor-element-fa86c5a elementor-widget elementor-widget-text-editor\" data-id=\"fa86c5a\" data-element_type=\"widget\" data-widget_type=\"text-editor.default\">\n\t\t\t\t\t\t\t\t\t<p><a href=\"https:\/\/www.rpsrealsolutions.com\/fr\/?page_id=5383\">Soutien \u00e0 la client\u00e8le RPS &gt;<\/a><\/p>\t\t\t\t\t\t\t\t<\/div>\n\t\t\t\t\t<\/div>\n\t\t<\/div>\n\t\t\t\t<div class=\"elementor-column elementor-col-50 elementor-top-column elementor-element elementor-element-f5088c9\" data-id=\"f5088c9\" data-element_type=\"column\" data-settings=\"{&quot;background_background&quot;:&quot;classic&quot;}\">\n\t\t\t<div class=\"elementor-widget-wrap elementor-element-populated\">\n\t\t\t\t\t\t<div class=\"elementor-element elementor-element-1cb367c elementor-widget elementor-widget-hubspot-form\" data-id=\"1cb367c\" data-element_type=\"widget\" data-widget_type=\"hubspot-form.default\">\n\t\t\t\t<div class=\"elementor-widget-container\">\n\t\t\t\t\t\n\t\t\t<div\n\t\t\tclass=\"hs-form-frame\"\n\t\t\tdata-region=\"na3\"\n\t\t\tdata-form-id=\"e9203848-d548-437d-bbc5-72031b66a524\"\n\t\t\tdata-portal-id=\"341724581\"\n\t\t\t >\n\t\t\t<\/div>\n\t\t\t\t\t\t\t<\/div>\n\t\t\t\t<\/div>\n\t\t\t\t\t<\/div>\n\t\t<\/div>\n\t\t\t\t\t<\/div>\n\t\t<\/section>\n\t\t\t\t<\/div>\n\t\t","protected":false},"excerpt":{"rendered":"<p>Communiquez avec notre \u00e9quipe des ventes Notre \u00e9quipe est pr\u00eate \u00e0 vous montrer comment nos services haute technologie et notre r\u00e9seau d&rsquo;\u00e9valuateurs [&hellip;]<\/p>\n","protected":false},"author":5,"featured_media":0,"parent":0,"menu_order":0,"comment_status":"closed","ping_status":"closed","template":"","meta":{"content-type":"","footnotes":""},"class_list":["post-5341","page","type-page","status-publish","hentry"],"_links":{"self":[{"href":"https:\/\/www.rpsrealsolutions.com\/fr\/wp-json\/wp\/v2\/pages\/5341","targetHints":{"allow":["GET"]}}],"collection":[{"href":"https:\/\/www.rpsrealsolutions.com\/fr\/wp-json\/wp\/v2\/pages"}],"about":[{"href":"https:\/\/www.rpsrealsolutions.com\/fr\/wp-json\/wp\/v2\/types\/page"}],"author":[{"embeddable":true,"href":"https:\/\/www.rpsrealsolutions.com\/fr\/wp-json\/wp\/v2\/users\/5"}],"replies":[{"embeddable":true,"href":"https:\/\/www.rpsrealsolutions.com\/fr\/wp-json\/wp\/v2\/comments?post=5341"}],"version-history":[{"count":28,"href":"https:\/\/www.rpsrealsolutions.com\/fr\/wp-json\/wp\/v2\/pages\/5341\/revisions"}],"predecessor-version":[{"id":6357,"href":"https:\/\/www.rpsrealsolutions.com\/fr\/wp-json\/wp\/v2\/pages\/5341\/revisions\/6357"}],"wp:attachment":[{"href":"https:\/\/www.rpsrealsolutions.com\/fr\/wp-json\/wp\/v2\/media?parent=5341"}],"curies":[{"name":"wp","href":"https:\/\/api.w.org\/{rel}","templated":true}]}}