{"id":5383,"date":"2025-12-23T08:15:42","date_gmt":"2025-12-23T08:15:42","guid":{"rendered":"https:\/\/www.rpsrealsolutions.com\/soutien-a-la-clientele\/"},"modified":"2026-02-09T16:28:24","modified_gmt":"2026-02-09T16:28:24","slug":"service-a-la-clientele","status":"publish","type":"page","link":"https:\/\/www.rpsrealsolutions.com\/fr\/service-a-la-clientele\/","title":{"rendered":"Service \u00e0 la client\u00e8le"},"content":{"rendered":"\t\t<div data-elementor-type=\"wp-page\" data-elementor-id=\"5383\" class=\"elementor elementor-5383 elementor-4965\" data-elementor-post-type=\"page\">\n\t\t\t\t\t\t<section class=\"elementor-section elementor-top-section elementor-element elementor-element-dc60b4a elementor-section-height-min-height elementor-section-content-middle elementor-section-boxed elementor-section-height-default elementor-section-items-middle\" data-id=\"dc60b4a\" data-element_type=\"section\" data-settings=\"{&quot;background_background&quot;:&quot;gradient&quot;}\">\n\t\t\t\t\t\t<div class=\"elementor-container elementor-column-gap-wider\">\n\t\t\t\t\t<div class=\"elementor-column elementor-col-100 elementor-top-column elementor-element elementor-element-72c6688\" data-id=\"72c6688\" data-element_type=\"column\">\n\t\t\t<div class=\"elementor-widget-wrap elementor-element-populated\">\n\t\t\t\t\t\t<div class=\"elementor-element elementor-element-1e5346c elementor-widget elementor-widget-heading\" data-id=\"1e5346c\" data-element_type=\"widget\" data-widget_type=\"heading.default\">\n\t\t\t\t\t<h1 class=\"elementor-heading-title elementor-size-default\">Service \u00e0 la client\u00e8le<\/h1>\t\t\t\t<\/div>\n\t\t\t\t<div class=\"elementor-element elementor-element-1f5cedb elementor-widget elementor-widget-text-editor\" data-id=\"1f5cedb\" data-element_type=\"widget\" data-widget_type=\"text-editor.default\">\n\t\t\t\t\t\t\t\t\tBesoin d&rsquo;aide? Nous sommes l\u00e0 pour vous.\t\t\t\t\t\t\t\t<\/div>\n\t\t\t\t\t<\/div>\n\t\t<\/div>\n\t\t\t\t\t<\/div>\n\t\t<\/section>\n\t\t\t\t<section class=\"elementor-section elementor-top-section elementor-element elementor-element-8873fde elementor-section-height-min-height elementor-section-boxed elementor-section-height-default elementor-section-items-middle\" data-id=\"8873fde\" data-element_type=\"section\" data-settings=\"{&quot;background_background&quot;:&quot;classic&quot;}\">\n\t\t\t\t\t\t<div class=\"elementor-container elementor-column-gap-default\">\n\t\t\t\t\t<div class=\"elementor-column elementor-col-100 elementor-top-column elementor-element elementor-element-eb68271\" data-id=\"eb68271\" data-element_type=\"column\">\n\t\t\t<div class=\"elementor-widget-wrap elementor-element-populated\">\n\t\t\t\t\t\t<section class=\"ep-section-eql-height elementor-section elementor-inner-section elementor-element elementor-element-9451f3e box-border-bottom elementor-section-boxed elementor-section-height-default elementor-section-height-default\" bdt-height-match=\"target: .ep-section-eql-height .elementor-widget-wrap\" data-id=\"9451f3e\" data-element_type=\"section\">\n\t\t\t\t\t\t<div class=\"elementor-container elementor-column-gap-wider\">\n\t\t\t\t\t<div class=\"elementor-column elementor-col-50 elementor-inner-column elementor-element elementor-element-d7b10f1\" data-id=\"d7b10f1\" data-element_type=\"column\" data-settings=\"{&quot;background_background&quot;:&quot;gradient&quot;}\">\n\t\t\t<div class=\"elementor-widget-wrap elementor-element-populated\">\n\t\t\t\t\t\t<div class=\"elementor-element elementor-element-ae9737d elementor-widget elementor-widget-icon-box\" data-id=\"ae9737d\" data-element_type=\"widget\" data-widget_type=\"icon-box.default\">\n\t\t\t\t\t\t\t<div class=\"elementor-icon-box-wrapper\">\n\n\t\t\t\n\t\t\t\t\t\t<div class=\"elementor-icon-box-content\">\n\n\t\t\t\t\t\t\t\t\t<h3 class=\"elementor-icon-box-title\">\n\t\t\t\t\t\t<span  >\n\t\t\t\t\t\t\tSupport g\u00e9n\u00e9ral\t\t\t\t\t\t<\/span>\n\t\t\t\t\t<\/h3>\n\t\t\t\t\n\t\t\t\t\n\t\t\t<\/div>\n\t\t\t\n\t\t<\/div>\n\t\t\t\t\t\t<\/div>\n\t\t\t\t<div class=\"elementor-element elementor-element-1dfba7d wrap-text elementor-widget elementor-widget-text-editor\" data-id=\"1dfba7d\" data-element_type=\"widget\" data-widget_type=\"text-editor.default\">\n\t\t\t\t\t\t\t\t\t<p>Courriel : <a href=\"mailto:info@rpsrealsolutions.com\">info@rpsrealsolutions.com<\/a><\/p><p>Sans frais : <a href=\"tel:+18776588258\">+1-877-658-8258<\/a><\/p>\t\t\t\t\t\t\t\t<\/div>\n\t\t\t\t\t<\/div>\n\t\t<\/div>\n\t\t\t\t<div class=\"elementor-column elementor-col-50 elementor-inner-column elementor-element elementor-element-4bbdaa9\" data-id=\"4bbdaa9\" data-element_type=\"column\" data-settings=\"{&quot;background_background&quot;:&quot;gradient&quot;}\">\n\t\t\t<div class=\"elementor-widget-wrap elementor-element-populated\">\n\t\t\t\t\t\t<div class=\"elementor-element elementor-element-eeaf594 elementor-widget elementor-widget-icon-box\" data-id=\"eeaf594\" data-element_type=\"widget\" data-widget_type=\"icon-box.default\">\n\t\t\t\t\t\t\t<div class=\"elementor-icon-box-wrapper\">\n\n\t\t\t\n\t\t\t\t\t\t<div class=\"elementor-icon-box-content\">\n\n\t\t\t\t\t\t\t\t\t<h3 class=\"elementor-icon-box-title\">\n\t\t\t\t\t\t<span  >\n\t\t\t\t\t\t\tSupport li\u00e9 \u00e0 un compte RPS\t\t\t\t\t\t<\/span>\n\t\t\t\t\t<\/h3>\n\t\t\t\t\n\t\t\t\t\n\t\t\t<\/div>\n\t\t\t\n\t\t<\/div>\n\t\t\t\t\t\t<\/div>\n\t\t\t\t<div class=\"elementor-element elementor-element-eea26c9 wrap-text elementor-widget elementor-widget-text-editor\" data-id=\"eea26c9\" data-element_type=\"widget\" data-widget_type=\"text-editor.default\">\n\t\t\t\t\t\t\t\t\tCourriel : <span style=\"text-decoration: underline;\"><a href=\"mailto:password@rpsrealsolutions.com\">password@rpsrealsolutions.com<\/a><\/span>\t\t\t\t\t\t\t\t<\/div>\n\t\t\t\t\t<\/div>\n\t\t<\/div>\n\t\t\t\t\t<\/div>\n\t\t<\/section>\n\t\t\t\t<section class=\"ep-section-eql-height elementor-section elementor-inner-section elementor-element elementor-element-401fbfd box-border-bottom elementor-section-boxed elementor-section-height-default elementor-section-height-default\" bdt-height-match=\"target: .ep-section-eql-height .elementor-widget-wrap\" data-id=\"401fbfd\" data-element_type=\"section\">\n\t\t\t\t\t\t<div class=\"elementor-container elementor-column-gap-wider\">\n\t\t\t\t\t<div class=\"elementor-column elementor-col-50 elementor-inner-column elementor-element elementor-element-f28ef99\" data-id=\"f28ef99\" data-element_type=\"column\" data-settings=\"{&quot;background_background&quot;:&quot;gradient&quot;}\">\n\t\t\t<div class=\"elementor-widget-wrap elementor-element-populated\">\n\t\t\t\t\t\t<div class=\"elementor-element elementor-element-9b1db45 elementor-widget elementor-widget-icon-box\" data-id=\"9b1db45\" data-element_type=\"widget\" data-widget_type=\"icon-box.default\">\n\t\t\t\t\t\t\t<div class=\"elementor-icon-box-wrapper\">\n\n\t\t\t\n\t\t\t\t\t\t<div class=\"elementor-icon-box-content\">\n\n\t\t\t\t\t\t\t\t\t<h3 class=\"elementor-icon-box-title\">\n\t\t\t\t\t\t<span  >\n\t\t\t\t\t\t\tSupport d\u00e9di\u00e9 aux courtiers\t\t\t\t\t\t<\/span>\n\t\t\t\t\t<\/h3>\n\t\t\t\t\n\t\t\t\t\n\t\t\t<\/div>\n\t\t\t\n\t\t<\/div>\n\t\t\t\t\t\t<\/div>\n\t\t\t\t<div class=\"elementor-element elementor-element-326a48b wrap-text elementor-widget elementor-widget-text-editor\" data-id=\"326a48b\" data-element_type=\"widget\" data-widget_type=\"text-editor.default\">\n\t\t\t\t\t\t\t\t\t<p>Courriel : <span style=\"text-decoration: underline;\"><a href=\"mailto:brokersupport@rpsrealsolutions.com\">brokersupport@rpsrealsolutions.com<\/a><\/span><\/p><p>Sans frais : <a href=\"tel:+1-866-545-7555\">+1-866-545-7555<\/a><\/p>\t\t\t\t\t\t\t\t<\/div>\n\t\t\t\t\t<\/div>\n\t\t<\/div>\n\t\t\t\t<div class=\"elementor-column elementor-col-50 elementor-inner-column elementor-element elementor-element-0275af5\" data-id=\"0275af5\" data-element_type=\"column\" data-settings=\"{&quot;background_background&quot;:&quot;gradient&quot;}\">\n\t\t\t<div class=\"elementor-widget-wrap elementor-element-populated\">\n\t\t\t\t\t\t<div class=\"elementor-element elementor-element-ab28873 elementor-widget elementor-widget-icon-box\" data-id=\"ab28873\" data-element_type=\"widget\" data-widget_type=\"icon-box.default\">\n\t\t\t\t\t\t\t<div class=\"elementor-icon-box-wrapper\">\n\n\t\t\t\n\t\t\t\t\t\t<div class=\"elementor-icon-box-content\">\n\n\t\t\t\t\t\t\t\t\t<h3 class=\"elementor-icon-box-title\">\n\t\t\t\t\t\t<span  >\n\t\t\t\t\t\t\tSupport d\u00e9di\u00e9 aux courtiers\t\t\t\t\t\t<\/span>\n\t\t\t\t\t<\/h3>\n\t\t\t\t\n\t\t\t\t\n\t\t\t<\/div>\n\t\t\t\n\t\t<\/div>\n\t\t\t\t\t\t<\/div>\n\t\t\t\t<div class=\"elementor-element elementor-element-c54caad wrap-text elementor-widget elementor-widget-text-editor\" data-id=\"c54caad\" data-element_type=\"widget\" data-widget_type=\"text-editor.default\">\n\t\t\t\t\t\t\t\t\t<p>Courriel : <span style=\"text-decoration: underline;\"><a href=\"mailto:appraisersupport@rpsrealsolutions.com\">appraisersupport@rpsrealsolutions.com<\/a><\/span><\/p><p>Sans frais : <a href=\"tel:+1-877-614-7111\">+1-877-614-7111<\/a><\/p>\t\t\t\t\t\t\t\t<\/div>\n\t\t\t\t\t<\/div>\n\t\t<\/div>\n\t\t\t\t\t<\/div>\n\t\t<\/section>\n\t\t\t\t\t<\/div>\n\t\t<\/div>\n\t\t\t\t\t<\/div>\n\t\t<\/section>\n\t\t\t\t<\/div>\n\t\t","protected":false},"excerpt":{"rendered":"<p>Service \u00e0 la client\u00e8le Besoin d&rsquo;aide? Nous sommes l\u00e0 pour vous. Support g\u00e9n\u00e9ral Courriel : info@rpsrealsolutions.com Sans frais : +1-877-658-8258 Support li\u00e9 [&hellip;]<\/p>\n","protected":false},"author":5,"featured_media":0,"parent":0,"menu_order":0,"comment_status":"closed","ping_status":"closed","template":"","meta":{"content-type":"","footnotes":""},"class_list":["post-5383","page","type-page","status-publish","hentry"],"_links":{"self":[{"href":"https:\/\/www.rpsrealsolutions.com\/fr\/wp-json\/wp\/v2\/pages\/5383","targetHints":{"allow":["GET"]}}],"collection":[{"href":"https:\/\/www.rpsrealsolutions.com\/fr\/wp-json\/wp\/v2\/pages"}],"about":[{"href":"https:\/\/www.rpsrealsolutions.com\/fr\/wp-json\/wp\/v2\/types\/page"}],"author":[{"embeddable":true,"href":"https:\/\/www.rpsrealsolutions.com\/fr\/wp-json\/wp\/v2\/users\/5"}],"replies":[{"embeddable":true,"href":"https:\/\/www.rpsrealsolutions.com\/fr\/wp-json\/wp\/v2\/comments?post=5383"}],"version-history":[{"count":9,"href":"https:\/\/www.rpsrealsolutions.com\/fr\/wp-json\/wp\/v2\/pages\/5383\/revisions"}],"predecessor-version":[{"id":6190,"href":"https:\/\/www.rpsrealsolutions.com\/fr\/wp-json\/wp\/v2\/pages\/5383\/revisions\/6190"}],"wp:attachment":[{"href":"https:\/\/www.rpsrealsolutions.com\/fr\/wp-json\/wp\/v2\/media?parent=5383"}],"curies":[{"name":"wp","href":"https:\/\/api.w.org\/{rel}","templated":true}]}}